{"id":58,"date":"2020-11-26T05:00:01","date_gmt":"2020-11-26T05:00:01","guid":{"rendered":"http:\/\/acfe-cr.com\/?page_id=58"},"modified":"2023-08-29T07:50:32","modified_gmt":"2023-08-29T13:50:32","slug":"codigo-de-etica-acfe","status":"publish","type":"page","link":"https:\/\/acfe-cr.com\/?page_id=58","title":{"rendered":"C\u00f3digo de \u00c9tica (ACFE)"},"content":{"rendered":"\n<p>Todos los miembros de ACFE deben cumplir con un riguroso criterio de admisi\u00f3n por parte de la Asociaci\u00f3n de Examinadores de Fraude Certificados. Adicional a esto, deben ser ejemplo de la m\u00e1s alta moral, est\u00e1ndares \u00e9ticos y adherirse tanto a los \u00abbylaws\u00bb de ACFE como al C\u00f3digo de \u00c9tica Profesional<\/p>\n\n\n\n<p>Todo miembro de ACFE debe, en todo momento, debe demostrar compromiso con el profesionalismo y la diligencia en el cumplimiento de sus labores.<\/p>\n\n\n\n<p>Los miembros de ACFE no deben involucrarse en actos ilegales, faltos a la \u00e9tica, o cualquier actividad que constituya un conflicto de inter\u00e9s.<\/p>\n\n\n\n<p>Los miembros de ACFE deben, en todo momento, mostrar el m\u00e1s alto nivel de integridad y de rendimiento profesional en sus funciones y aceptar\u00e1n \u00fanicamente trabajar en asignaciones con las cuales existe expectativa razonable de cumplimiento con competencia profesional.<\/p>\n\n\n\n<p>Los miembros de ACFE se adhieren a las \u00f3rdenes emitidas por las cortes y testificar\u00e1n en asuntos con veracidad y sin vicios o prejuicios.<\/p>\n\n\n\n<p>Los miembros de ACFE, al conducir examinaciones, obtendr\u00e1n evidencia u otra documentaci\u00f3n para establecer base razonable para la opci\u00f3n brindada.  No se emitir\u00e1 opini\u00f3n con respecto a la culpabilidad o inocencia de una persona o parte.<\/p>\n\n\n\n<p>Los miembros de ACFE no revelar\u00e1n informaci\u00f3n confidencial obtenida durante el ejercicio profesional sin contar con la debida autorizaci\u00f3n.<\/p>\n\n\n\n<p>Los miembros de ACFE revelar\u00e1n todos los hechos materiales descubiertos durante el curso de la examinaci\u00f3n siempre que, si fuesen omitidos, podr\u00edan causar una distorsi\u00f3n de los hechos.<\/p>\n\n\n\n<p>Los miembros de ACFE mostrar\u00e1n un compromiso continuo con aumentar las competencias y efectividad de los servicios profesionales bajo su direcci\u00f3n.<\/p>\n\n\n\n<figure class=\"wp-block-image size-full\"><img loading=\"lazy\" decoding=\"async\" width=\"71\" height=\"83\" src=\"https:\/\/acfe-cr.com\/wp-content\/uploads\/2021\/02\/Selection_006.png\" alt=\"\u00edcono ACFE, C\u00f3digo de \u00c9tica\" class=\"wp-image-233\"\/><\/figure>\n\n\n\n<p>Para consultas sobre el C\u00f3digo de \u00c9tica u otros temas de la Asociaci\u00f3n, <a href=\"https:\/\/acfe-cr.com\/?page_id=67\">cont\u00e1ctenos<\/a>.<br>M\u00e1s informaci\u00f3n sobre la ACFE global, en <a href=\"http:\/\/www.acfe.com\" target=\"_blank\" rel=\"noreferrer noopener\">www.acfe.com<\/a><\/p>\n","protected":false},"excerpt":{"rendered":"<p>Todos los miembros de ACFE deben cumplir con un riguroso criterio de admisi\u00f3n por parte de la Asociaci\u00f3n de Examinadores de Fraude Certificados. Adicional a esto, deben ser ejemplo de la m\u00e1s alta moral, est\u00e1ndares \u00e9ticos y adherirse tanto a &hellip; <a href=\"https:\/\/acfe-cr.com\/?page_id=58\">Sigue leyendo <span class=\"meta-nav\">&rarr;<\/span><\/a><\/p>\n","protected":false},"author":1,"featured_media":0,"parent":0,"menu_order":0,"comment_status":"closed","ping_status":"closed","template":"sidebar-page.php","meta":{"footnotes":""},"class_list":["post-58","page","type-page","status-publish","hentry"],"yoast_head":"<!-- This site is optimized with the Yoast SEO plugin v27.0 - https:\/\/yoast.com\/product\/yoast-seo-wordpress\/ -->\n<title>C\u00f3digo de \u00c9tica (ACFE) - ACFE Cap\u00edtulo Costa Rica<\/title>\n<meta name=\"description\" content=\"C\u00f3digo de \u00c9tica | ACFE Cap\u00edtulo Costa Rica | Asociaci\u00f3n de Examinadores de Fraude Certificados | Certified Fraud Examiner | CFE\" \/>\n<meta name=\"robots\" content=\"index, follow, max-snippet:-1, max-image-preview:large, max-video-preview:-1\" \/>\n<link rel=\"canonical\" href=\"https:\/\/acfe-cr.com\/?page_id=58\" \/>\n<meta property=\"og:locale\" content=\"es_ES\" \/>\n<meta property=\"og:type\" content=\"article\" \/>\n<meta property=\"og:title\" content=\"C\u00f3digo de \u00c9tica (ACFE) - ACFE Cap\u00edtulo Costa Rica\" \/>\n<meta property=\"og:description\" content=\"C\u00f3digo de \u00c9tica | ACFE Cap\u00edtulo Costa Rica | Asociaci\u00f3n de Examinadores de Fraude Certificados | Certified Fraud Examiner | CFE\" \/>\n<meta property=\"og:url\" content=\"https:\/\/acfe-cr.com\/?page_id=58\" \/>\n<meta property=\"og:site_name\" content=\"ACFE Cap\u00edtulo Costa Rica\" \/>\n<meta property=\"article:modified_time\" content=\"2023-08-29T13:50:32+00:00\" \/>\n<meta property=\"og:image\" content=\"https:\/\/acfe-cr.com\/wp-content\/uploads\/2021\/02\/Selection_006.png\" \/>\n<meta name=\"twitter:card\" content=\"summary_large_image\" \/>\n<meta name=\"twitter:label1\" content=\"Tiempo de lectura\" \/>\n\t<meta name=\"twitter:data1\" content=\"2 minutos\" \/>\n<script type=\"application\/ld+json\" class=\"yoast-schema-graph\">{\"@context\":\"https:\/\/schema.org\",\"@graph\":[{\"@type\":\"WebPage\",\"@id\":\"https:\/\/acfe-cr.com\/?page_id=58\",\"url\":\"https:\/\/acfe-cr.com\/?page_id=58\",\"name\":\"C\u00f3digo de \u00c9tica (ACFE) - ACFE Cap\u00edtulo Costa Rica\",\"isPartOf\":{\"@id\":\"https:\/\/acfe-cr.com\/#website\"},\"primaryImageOfPage\":{\"@id\":\"https:\/\/acfe-cr.com\/?page_id=58#primaryimage\"},\"image\":{\"@id\":\"https:\/\/acfe-cr.com\/?page_id=58#primaryimage\"},\"thumbnailUrl\":\"https:\/\/acfe-cr.com\/wp-content\/uploads\/2021\/02\/Selection_006.png\",\"datePublished\":\"2020-11-26T05:00:01+00:00\",\"dateModified\":\"2023-08-29T13:50:32+00:00\",\"description\":\"C\u00f3digo de \u00c9tica | ACFE Cap\u00edtulo Costa Rica | Asociaci\u00f3n de Examinadores de Fraude Certificados | Certified Fraud Examiner | CFE\",\"breadcrumb\":{\"@id\":\"https:\/\/acfe-cr.com\/?page_id=58#breadcrumb\"},\"inLanguage\":\"es\",\"potentialAction\":[{\"@type\":\"ReadAction\",\"target\":[\"https:\/\/acfe-cr.com\/?page_id=58\"]}]},{\"@type\":\"ImageObject\",\"inLanguage\":\"es\",\"@id\":\"https:\/\/acfe-cr.com\/?page_id=58#primaryimage\",\"url\":\"https:\/\/acfe-cr.com\/wp-content\/uploads\/2021\/02\/Selection_006.png\",\"contentUrl\":\"https:\/\/acfe-cr.com\/wp-content\/uploads\/2021\/02\/Selection_006.png\",\"width\":71,\"height\":83,\"caption\":\"\u00edcono ACFE\"},{\"@type\":\"BreadcrumbList\",\"@id\":\"https:\/\/acfe-cr.com\/?page_id=58#breadcrumb\",\"itemListElement\":[{\"@type\":\"ListItem\",\"position\":1,\"name\":\"Portada\",\"item\":\"https:\/\/acfe-cr.com\/\"},{\"@type\":\"ListItem\",\"position\":2,\"name\":\"C\u00f3digo de \u00c9tica (ACFE)\"}]},{\"@type\":\"WebSite\",\"@id\":\"https:\/\/acfe-cr.com\/#website\",\"url\":\"https:\/\/acfe-cr.com\/\",\"name\":\"ACFE Cap\u00edtulo Costa Rica\",\"description\":\"ACFE es la organizaci\u00f3n anti-fraude m\u00e1s grande del mundo\",\"publisher\":{\"@id\":\"https:\/\/acfe-cr.com\/#organization\"},\"potentialAction\":[{\"@type\":\"SearchAction\",\"target\":{\"@type\":\"EntryPoint\",\"urlTemplate\":\"https:\/\/acfe-cr.com\/?s={search_term_string}\"},\"query-input\":{\"@type\":\"PropertyValueSpecification\",\"valueRequired\":true,\"valueName\":\"search_term_string\"}}],\"inLanguage\":\"es\"},{\"@type\":\"Organization\",\"@id\":\"https:\/\/acfe-cr.com\/#organization\",\"name\":\"ACFE Cap\u00edtulo Costa Rica\",\"url\":\"https:\/\/acfe-cr.com\/\",\"logo\":{\"@type\":\"ImageObject\",\"inLanguage\":\"es\",\"@id\":\"https:\/\/acfe-cr.com\/#\/schema\/logo\/image\/\",\"url\":\"https:\/\/acfe-cr.com\/wp-content\/uploads\/2021\/02\/logo.jpg\",\"contentUrl\":\"https:\/\/acfe-cr.com\/wp-content\/uploads\/2021\/02\/logo.jpg\",\"width\":900,\"height\":486,\"caption\":\"ACFE Cap\u00edtulo Costa Rica\"},\"image\":{\"@id\":\"https:\/\/acfe-cr.com\/#\/schema\/logo\/image\/\"},\"sameAs\":[\"https:\/\/www.linkedin.com\/company\/acfe-captulo-costa-rica\/\"]}]}<\/script>\n<!-- \/ Yoast SEO plugin. -->","yoast_head_json":{"title":"C\u00f3digo de \u00c9tica (ACFE) - ACFE Cap\u00edtulo Costa Rica","description":"C\u00f3digo de \u00c9tica | ACFE Cap\u00edtulo Costa Rica | Asociaci\u00f3n de Examinadores de Fraude Certificados | Certified Fraud Examiner | CFE","robots":{"index":"index","follow":"follow","max-snippet":"max-snippet:-1","max-image-preview":"max-image-preview:large","max-video-preview":"max-video-preview:-1"},"canonical":"https:\/\/acfe-cr.com\/?page_id=58","og_locale":"es_ES","og_type":"article","og_title":"C\u00f3digo de \u00c9tica (ACFE) - ACFE Cap\u00edtulo Costa Rica","og_description":"C\u00f3digo de \u00c9tica | ACFE Cap\u00edtulo Costa Rica | Asociaci\u00f3n de Examinadores de Fraude Certificados | Certified Fraud Examiner | CFE","og_url":"https:\/\/acfe-cr.com\/?page_id=58","og_site_name":"ACFE Cap\u00edtulo Costa Rica","article_modified_time":"2023-08-29T13:50:32+00:00","og_image":[{"url":"https:\/\/acfe-cr.com\/wp-content\/uploads\/2021\/02\/Selection_006.png","type":"","width":"","height":""}],"twitter_card":"summary_large_image","twitter_misc":{"Tiempo de lectura":"2 minutos"},"schema":{"@context":"https:\/\/schema.org","@graph":[{"@type":"WebPage","@id":"https:\/\/acfe-cr.com\/?page_id=58","url":"https:\/\/acfe-cr.com\/?page_id=58","name":"C\u00f3digo de \u00c9tica (ACFE) - ACFE Cap\u00edtulo Costa Rica","isPartOf":{"@id":"https:\/\/acfe-cr.com\/#website"},"primaryImageOfPage":{"@id":"https:\/\/acfe-cr.com\/?page_id=58#primaryimage"},"image":{"@id":"https:\/\/acfe-cr.com\/?page_id=58#primaryimage"},"thumbnailUrl":"https:\/\/acfe-cr.com\/wp-content\/uploads\/2021\/02\/Selection_006.png","datePublished":"2020-11-26T05:00:01+00:00","dateModified":"2023-08-29T13:50:32+00:00","description":"C\u00f3digo de \u00c9tica | ACFE Cap\u00edtulo Costa Rica | Asociaci\u00f3n de Examinadores de Fraude Certificados | Certified Fraud Examiner | CFE","breadcrumb":{"@id":"https:\/\/acfe-cr.com\/?page_id=58#breadcrumb"},"inLanguage":"es","potentialAction":[{"@type":"ReadAction","target":["https:\/\/acfe-cr.com\/?page_id=58"]}]},{"@type":"ImageObject","inLanguage":"es","@id":"https:\/\/acfe-cr.com\/?page_id=58#primaryimage","url":"https:\/\/acfe-cr.com\/wp-content\/uploads\/2021\/02\/Selection_006.png","contentUrl":"https:\/\/acfe-cr.com\/wp-content\/uploads\/2021\/02\/Selection_006.png","width":71,"height":83,"caption":"\u00edcono ACFE"},{"@type":"BreadcrumbList","@id":"https:\/\/acfe-cr.com\/?page_id=58#breadcrumb","itemListElement":[{"@type":"ListItem","position":1,"name":"Portada","item":"https:\/\/acfe-cr.com\/"},{"@type":"ListItem","position":2,"name":"C\u00f3digo de \u00c9tica (ACFE)"}]},{"@type":"WebSite","@id":"https:\/\/acfe-cr.com\/#website","url":"https:\/\/acfe-cr.com\/","name":"ACFE Cap\u00edtulo Costa Rica","description":"ACFE es la organizaci\u00f3n anti-fraude m\u00e1s grande del mundo","publisher":{"@id":"https:\/\/acfe-cr.com\/#organization"},"potentialAction":[{"@type":"SearchAction","target":{"@type":"EntryPoint","urlTemplate":"https:\/\/acfe-cr.com\/?s={search_term_string}"},"query-input":{"@type":"PropertyValueSpecification","valueRequired":true,"valueName":"search_term_string"}}],"inLanguage":"es"},{"@type":"Organization","@id":"https:\/\/acfe-cr.com\/#organization","name":"ACFE Cap\u00edtulo Costa Rica","url":"https:\/\/acfe-cr.com\/","logo":{"@type":"ImageObject","inLanguage":"es","@id":"https:\/\/acfe-cr.com\/#\/schema\/logo\/image\/","url":"https:\/\/acfe-cr.com\/wp-content\/uploads\/2021\/02\/logo.jpg","contentUrl":"https:\/\/acfe-cr.com\/wp-content\/uploads\/2021\/02\/logo.jpg","width":900,"height":486,"caption":"ACFE Cap\u00edtulo Costa Rica"},"image":{"@id":"https:\/\/acfe-cr.com\/#\/schema\/logo\/image\/"},"sameAs":["https:\/\/www.linkedin.com\/company\/acfe-captulo-costa-rica\/"]}]}},"_links":{"self":[{"href":"https:\/\/acfe-cr.com\/index.php?rest_route=\/wp\/v2\/pages\/58","targetHints":{"allow":["GET"]}}],"collection":[{"href":"https:\/\/acfe-cr.com\/index.php?rest_route=\/wp\/v2\/pages"}],"about":[{"href":"https:\/\/acfe-cr.com\/index.php?rest_route=\/wp\/v2\/types\/page"}],"author":[{"embeddable":true,"href":"https:\/\/acfe-cr.com\/index.php?rest_route=\/wp\/v2\/users\/1"}],"replies":[{"embeddable":true,"href":"https:\/\/acfe-cr.com\/index.php?rest_route=%2Fwp%2Fv2%2Fcomments&post=58"}],"version-history":[{"count":10,"href":"https:\/\/acfe-cr.com\/index.php?rest_route=\/wp\/v2\/pages\/58\/revisions"}],"predecessor-version":[{"id":1531,"href":"https:\/\/acfe-cr.com\/index.php?rest_route=\/wp\/v2\/pages\/58\/revisions\/1531"}],"wp:attachment":[{"href":"https:\/\/acfe-cr.com\/index.php?rest_route=%2Fwp%2Fv2%2Fmedia&parent=58"}],"curies":[{"name":"wp","href":"https:\/\/api.w.org\/{rel}","templated":true}]}}