{"id":50,"date":"2020-11-26T00:20:32","date_gmt":"2020-11-26T00:20:32","guid":{"rendered":"http:\/\/acfe-cr.com\/?page_id=50"},"modified":"2025-10-17T12:31:02","modified_gmt":"2025-10-17T18:31:02","slug":"proceso-de-afiliacion","status":"publish","type":"page","link":"https:\/\/acfe-cr.com\/?page_id=50","title":{"rendered":"Proceso de Afiliaci\u00f3n"},"content":{"rendered":"\n<!-- ==== PROCESO DE AFILIACI\u00d3N \u2013 ACFE Cap\u00edtulo Costa Rica ==== -->\n<style>\n  .afiliacion-wrapper {\n    font-family:Arial,Helvetica,sans-serif;\n    max-width:800px;\n    margin:2rem auto;\n    padding:1.5rem;\n    background:#fafafa;\n    border:1px solid #e0e0e0;\n    border-radius:8px;\n    color:#333;\n  }\n  .afiliacion-wrapper h2{\n    font-size:1.8rem;\n    color:#004c97;               \/* ACFE blue *\/\n    margin-bottom:0.5rem;\n    text-align:center;\n  }\n  .afiliacion-wrapper p{\n    margin:0.8rem 0;\n    line-height:1.5;\n  }\n  .afiliacion-wrapper ol{\n    margin-left:1.2rem;\n    padding-left:0;\n  }\n  .afiliacion-wrapper li{\n    margin:0.6rem 0;\n  }\n  .afiliacion-wrapper a.btn{\n    display:inline-block;\n    margin-top:1rem;\n    padding:0.6rem 1.2rem;\n    background:#004c97;\n    color:#fff;\n    text-decoration:none;\n    border-radius:4px;\n    transition:background .3s;\n  }\n  .afiliacion-wrapper a.btn:hover{background:#003366;}\n<\/style>\n\n<div class=\"afiliacion-wrapper\">\n  <p>Para ser miembro de <strong>ACFE Cap\u00edtulo Costa Rica<\/strong>, solo debe seguir estos sencillos pasos:<\/p>\n  <ol>\n    <li>Completar y enviar la \u201c<strong><a href=\"https:\/\/acfe-cr.com\/?page_id=54\">Solicitud de Afiliaci\u00f3n<\/a><\/strong>\u201d en este sitio web.<\/li>\n    <li>Espere <strong>10 d\u00edas h\u00e1biles<\/strong>.<\/li>\n    <li>Recibir\u00e1 un correo de aceptaci\u00f3n del Cap\u00edtulo, donde se le indicar\u00e1 la cuenta bancaria a nombre de <em>ACFE Cap\u00edtulo CR<\/em> para el pago anual de la membres\u00eda.<\/li>\n    <li>Una vez realizado el dep\u00f3sito, responda el correo de aceptaci\u00f3n confirmando el pago.<\/li>\n    <li>ACFE\u202fCR validar\u00e1 su membres\u00eda, le confirmar\u00e1 su inclusi\u00f3n como miembro activo y le enviar\u00e1 la factura electr\u00f3nica correspondiente.<\/li>\n  <\/ol>\n  <p>\u00bfTiene alguna consulta? No dude en contactarnos mediante el formulario \u201c<strong>Cont\u00e1ctenos<\/strong>\u201d en este sitio web o env\u00ede un correo directamente a <a href=\"mailto:info@acfe-cr.org\">info@acfe-cr.org<\/a>. \u00a1Estaremos encantados de ayudarle!<\/p>\n  <a href=\"https:\/\/acfe-cr.com\/?page_id=67\" class=\"btn\">Ir al formulario de contacto<\/a>\n<\/div>\n<!-- ==== END PROCESO DE AFILIACI\u00d3N ==== -->\n\n\n\n<p><\/p>\n","protected":false},"excerpt":{"rendered":"<p>Para ser miembro de ACFE Cap\u00edtulo Costa Rica, solo debe seguir estos sencillos pasos: Completar y enviar la \u201cSolicitud de Afiliaci\u00f3n\u201d en este sitio web. Espere 10 d\u00edas h\u00e1biles. Recibir\u00e1 un correo de aceptaci\u00f3n del Cap\u00edtulo, donde se le indicar\u00e1 &hellip; <a href=\"https:\/\/acfe-cr.com\/?page_id=50\">Sigue leyendo <span class=\"meta-nav\">&rarr;<\/span><\/a><\/p>\n","protected":false},"author":1,"featured_media":0,"parent":0,"menu_order":0,"comment_status":"closed","ping_status":"closed","template":"sidebar-page.php","meta":{"footnotes":""},"class_list":["post-50","page","type-page","status-publish","hentry"],"yoast_head":"<!-- This site is optimized with the Yoast SEO plugin v27.0 - https:\/\/yoast.com\/product\/yoast-seo-wordpress\/ -->\n<title>Proceso de Afiliaci\u00f3n - ACFE Cap\u00edtulo Costa Rica<\/title>\n<meta name=\"robots\" content=\"index, follow, max-snippet:-1, max-image-preview:large, max-video-preview:-1\" \/>\n<link rel=\"canonical\" href=\"https:\/\/acfe-cr.com\/?page_id=50\" \/>\n<meta property=\"og:locale\" content=\"es_ES\" \/>\n<meta property=\"og:type\" content=\"article\" \/>\n<meta property=\"og:title\" content=\"Proceso de Afiliaci\u00f3n - ACFE Cap\u00edtulo Costa Rica\" \/>\n<meta property=\"og:description\" content=\"Para ser miembro de ACFE Cap\u00edtulo Costa Rica, solo debe seguir estos sencillos pasos: Completar y enviar la \u201cSolicitud de Afiliaci\u00f3n\u201d en este sitio web. Espere 10 d\u00edas h\u00e1biles. Recibir\u00e1 un correo de aceptaci\u00f3n del Cap\u00edtulo, donde se le indicar\u00e1 &hellip; Sigue leyendo &rarr;\" \/>\n<meta property=\"og:url\" content=\"https:\/\/acfe-cr.com\/?page_id=50\" \/>\n<meta property=\"og:site_name\" content=\"ACFE Cap\u00edtulo Costa Rica\" \/>\n<meta property=\"article:modified_time\" content=\"2025-10-17T18:31:02+00:00\" \/>\n<meta name=\"twitter:card\" content=\"summary_large_image\" \/>\n<meta name=\"twitter:label1\" content=\"Tiempo de lectura\" \/>\n\t<meta name=\"twitter:data1\" content=\"1 minuto\" \/>\n<script type=\"application\/ld+json\" class=\"yoast-schema-graph\">{\"@context\":\"https:\/\/schema.org\",\"@graph\":[{\"@type\":\"WebPage\",\"@id\":\"https:\/\/acfe-cr.com\/?page_id=50\",\"url\":\"https:\/\/acfe-cr.com\/?page_id=50\",\"name\":\"Proceso de Afiliaci\u00f3n - ACFE Cap\u00edtulo Costa Rica\",\"isPartOf\":{\"@id\":\"https:\/\/acfe-cr.com\/#website\"},\"datePublished\":\"2020-11-26T00:20:32+00:00\",\"dateModified\":\"2025-10-17T18:31:02+00:00\",\"breadcrumb\":{\"@id\":\"https:\/\/acfe-cr.com\/?page_id=50#breadcrumb\"},\"inLanguage\":\"es\",\"potentialAction\":[{\"@type\":\"ReadAction\",\"target\":[\"https:\/\/acfe-cr.com\/?page_id=50\"]}]},{\"@type\":\"BreadcrumbList\",\"@id\":\"https:\/\/acfe-cr.com\/?page_id=50#breadcrumb\",\"itemListElement\":[{\"@type\":\"ListItem\",\"position\":1,\"name\":\"Portada\",\"item\":\"https:\/\/acfe-cr.com\/\"},{\"@type\":\"ListItem\",\"position\":2,\"name\":\"Proceso de Afiliaci\u00f3n\"}]},{\"@type\":\"WebSite\",\"@id\":\"https:\/\/acfe-cr.com\/#website\",\"url\":\"https:\/\/acfe-cr.com\/\",\"name\":\"ACFE Cap\u00edtulo Costa Rica\",\"description\":\"ACFE es la organizaci\u00f3n anti-fraude m\u00e1s grande del mundo\",\"publisher\":{\"@id\":\"https:\/\/acfe-cr.com\/#organization\"},\"potentialAction\":[{\"@type\":\"SearchAction\",\"target\":{\"@type\":\"EntryPoint\",\"urlTemplate\":\"https:\/\/acfe-cr.com\/?s={search_term_string}\"},\"query-input\":{\"@type\":\"PropertyValueSpecification\",\"valueRequired\":true,\"valueName\":\"search_term_string\"}}],\"inLanguage\":\"es\"},{\"@type\":\"Organization\",\"@id\":\"https:\/\/acfe-cr.com\/#organization\",\"name\":\"ACFE Cap\u00edtulo Costa Rica\",\"url\":\"https:\/\/acfe-cr.com\/\",\"logo\":{\"@type\":\"ImageObject\",\"inLanguage\":\"es\",\"@id\":\"https:\/\/acfe-cr.com\/#\/schema\/logo\/image\/\",\"url\":\"https:\/\/acfe-cr.com\/wp-content\/uploads\/2021\/02\/logo.jpg\",\"contentUrl\":\"https:\/\/acfe-cr.com\/wp-content\/uploads\/2021\/02\/logo.jpg\",\"width\":900,\"height\":486,\"caption\":\"ACFE Cap\u00edtulo Costa Rica\"},\"image\":{\"@id\":\"https:\/\/acfe-cr.com\/#\/schema\/logo\/image\/\"},\"sameAs\":[\"https:\/\/www.linkedin.com\/company\/acfe-captulo-costa-rica\/\"]}]}<\/script>\n<!-- \/ Yoast SEO plugin. -->","yoast_head_json":{"title":"Proceso de Afiliaci\u00f3n - ACFE Cap\u00edtulo Costa Rica","robots":{"index":"index","follow":"follow","max-snippet":"max-snippet:-1","max-image-preview":"max-image-preview:large","max-video-preview":"max-video-preview:-1"},"canonical":"https:\/\/acfe-cr.com\/?page_id=50","og_locale":"es_ES","og_type":"article","og_title":"Proceso de Afiliaci\u00f3n - ACFE Cap\u00edtulo Costa Rica","og_description":"Para ser miembro de ACFE Cap\u00edtulo Costa Rica, solo debe seguir estos sencillos pasos: Completar y enviar la \u201cSolicitud de Afiliaci\u00f3n\u201d en este sitio web. Espere 10 d\u00edas h\u00e1biles. Recibir\u00e1 un correo de aceptaci\u00f3n del Cap\u00edtulo, donde se le indicar\u00e1 &hellip; Sigue leyendo &rarr;","og_url":"https:\/\/acfe-cr.com\/?page_id=50","og_site_name":"ACFE Cap\u00edtulo Costa Rica","article_modified_time":"2025-10-17T18:31:02+00:00","twitter_card":"summary_large_image","twitter_misc":{"Tiempo de lectura":"1 minuto"},"schema":{"@context":"https:\/\/schema.org","@graph":[{"@type":"WebPage","@id":"https:\/\/acfe-cr.com\/?page_id=50","url":"https:\/\/acfe-cr.com\/?page_id=50","name":"Proceso de Afiliaci\u00f3n - ACFE Cap\u00edtulo Costa Rica","isPartOf":{"@id":"https:\/\/acfe-cr.com\/#website"},"datePublished":"2020-11-26T00:20:32+00:00","dateModified":"2025-10-17T18:31:02+00:00","breadcrumb":{"@id":"https:\/\/acfe-cr.com\/?page_id=50#breadcrumb"},"inLanguage":"es","potentialAction":[{"@type":"ReadAction","target":["https:\/\/acfe-cr.com\/?page_id=50"]}]},{"@type":"BreadcrumbList","@id":"https:\/\/acfe-cr.com\/?page_id=50#breadcrumb","itemListElement":[{"@type":"ListItem","position":1,"name":"Portada","item":"https:\/\/acfe-cr.com\/"},{"@type":"ListItem","position":2,"name":"Proceso de Afiliaci\u00f3n"}]},{"@type":"WebSite","@id":"https:\/\/acfe-cr.com\/#website","url":"https:\/\/acfe-cr.com\/","name":"ACFE Cap\u00edtulo Costa Rica","description":"ACFE es la organizaci\u00f3n anti-fraude m\u00e1s grande del mundo","publisher":{"@id":"https:\/\/acfe-cr.com\/#organization"},"potentialAction":[{"@type":"SearchAction","target":{"@type":"EntryPoint","urlTemplate":"https:\/\/acfe-cr.com\/?s={search_term_string}"},"query-input":{"@type":"PropertyValueSpecification","valueRequired":true,"valueName":"search_term_string"}}],"inLanguage":"es"},{"@type":"Organization","@id":"https:\/\/acfe-cr.com\/#organization","name":"ACFE Cap\u00edtulo Costa Rica","url":"https:\/\/acfe-cr.com\/","logo":{"@type":"ImageObject","inLanguage":"es","@id":"https:\/\/acfe-cr.com\/#\/schema\/logo\/image\/","url":"https:\/\/acfe-cr.com\/wp-content\/uploads\/2021\/02\/logo.jpg","contentUrl":"https:\/\/acfe-cr.com\/wp-content\/uploads\/2021\/02\/logo.jpg","width":900,"height":486,"caption":"ACFE Cap\u00edtulo Costa Rica"},"image":{"@id":"https:\/\/acfe-cr.com\/#\/schema\/logo\/image\/"},"sameAs":["https:\/\/www.linkedin.com\/company\/acfe-captulo-costa-rica\/"]}]}},"_links":{"self":[{"href":"https:\/\/acfe-cr.com\/index.php?rest_route=\/wp\/v2\/pages\/50","targetHints":{"allow":["GET"]}}],"collection":[{"href":"https:\/\/acfe-cr.com\/index.php?rest_route=\/wp\/v2\/pages"}],"about":[{"href":"https:\/\/acfe-cr.com\/index.php?rest_route=\/wp\/v2\/types\/page"}],"author":[{"embeddable":true,"href":"https:\/\/acfe-cr.com\/index.php?rest_route=\/wp\/v2\/users\/1"}],"replies":[{"embeddable":true,"href":"https:\/\/acfe-cr.com\/index.php?rest_route=%2Fwp%2Fv2%2Fcomments&post=50"}],"version-history":[{"count":11,"href":"https:\/\/acfe-cr.com\/index.php?rest_route=\/wp\/v2\/pages\/50\/revisions"}],"predecessor-version":[{"id":2097,"href":"https:\/\/acfe-cr.com\/index.php?rest_route=\/wp\/v2\/pages\/50\/revisions\/2097"}],"wp:attachment":[{"href":"https:\/\/acfe-cr.com\/index.php?rest_route=%2Fwp%2Fv2%2Fmedia&parent=50"}],"curies":[{"name":"wp","href":"https:\/\/api.w.org\/{rel}","templated":true}]}}