{"id":28,"date":"2020-11-26T00:12:02","date_gmt":"2020-11-26T00:12:02","guid":{"rendered":"http:\/\/acfe-cr.com\/?page_id=28"},"modified":"2023-05-10T21:00:35","modified_gmt":"2023-05-11T03:00:35","slug":"junta-directiva","status":"publish","type":"page","link":"https:\/\/acfe-cr.com\/?page_id=28","title":{"rendered":"Junta Directiva"},"content":{"rendered":"\n<p><strong>Junta Directiva:<\/strong><\/p>\n<table style=\"width: 414px;\" width=\"418\" height=\"239\">\n<tbody>\n<tr>\n<td style=\"width: 117.983px;\">\n<p>Presidente:<\/p>\n<\/td>\n<td style=\"width: 295.35px;\">\n<p>Manuel Mar&iacute;n Cubero<\/p>\n<\/td>\n<\/tr>\n<tr>\n<td style=\"width: 117.983px;\">\n<p>Vicepresidente:<\/p>\n<\/td>\n<td style=\"width: 295.35px;\">\n<p>David Bola&ntilde;os Salas<\/p>\n<\/td>\n<\/tr>\n<tr>\n<td style=\"width: 117.983px;\">\n<p>Secretaria:<\/p>\n<\/td>\n<td style=\"width: 295.35px;\">\n<p>Maribel Lizano Barahona<\/p>\n<\/td>\n<\/tr>\n<tr>\n<td style=\"width: 117.983px;\">\n<p>Tesorero:<\/p>\n<\/td>\n<td style=\"width: 295.35px;\">\n<p>Gustavo Flores Oviedo<\/p>\n<\/td>\n<\/tr>\n<tr>\n<td style=\"width: 117.983px;\">\n<p>Fiscal:<\/p>\n<\/td>\n<td style=\"width: 295.35px;\">Alfonso Crespo Molina<\/td>\n<\/tr>\n<tr>\n<td style=\"width: 117.983px;\">\n<p>Vocal 1:<\/p>\n<\/td>\n<td style=\"width: 295.35px;\">\n<p>Mario Jim&eacute;nez S&aacute;enz<\/p>\n<\/td>\n<\/tr>\n<tr>\n<td style=\"width: 117.983px;\">\n<p>Vocal 2:<\/p>\n<\/td>\n<td style=\"width: 295.35px;\">\n<p>Luis Carlos Guevara L&oacute;pez<\/p>\n<\/td>\n<\/tr>\n<tr>\n<td style=\"width: 117.983px;\">\n<p>Vocal 3:<\/p>\n<\/td>\n<td style=\"width: 295.35px;\">\n<p>Mario Fern&aacute;ndez Vega<\/p>\n<\/td>\n<\/tr>\n<tr>\n<td style=\"width: 117.983px;\">\n<p>Vocal 4:<\/p>\n<\/td>\n<td style=\"width: 295.35px;\">\n<p>Javier Chac&oacute;n Gonz&aacute;lez<\/p>\n<\/td>\n<\/tr>\n<\/tbody>\n<\/table>\n<p><\/p>\n<p><strong>Comit&eacute;s:<\/strong><\/p>\n<table style=\"height: 60px; width: 332px;\">\n<tbody>\n<tr style=\"height: 30px;\">\n<td style=\"width: 113.967px; height: 30px;\">\n<p>Capacitaciones<\/p>\n<\/td>\n<td style=\"width: 217.367px; height: 30px;\">\n<p>Gustavo Flores Oviedo<\/p>\n<\/td>\n<\/tr>\n<tr style=\"height: 30px;\">\n<td style=\"width: 113.967px; height: 30px;\">\n<p>Redes Sociales<\/p>\n<\/td>\n<td style=\"width: 217.367px; height: 30px;\">\n<p>Luis Carlos Guevara L&oacute;pez<\/p>\n<\/td>\n<\/tr>\n<\/tbody>\n<\/table>\n\n\n\n<p><\/p>\n","protected":false},"excerpt":{"rendered":"<p>Junta Directiva: Presidente: Manuel Mar&iacute;n Cubero Vicepresidente: David Bola&ntilde;os Salas Secretaria: Maribel Lizano Barahona Tesorero: Gustavo Flores Oviedo Fiscal: Alfonso Crespo Molina Vocal 1: Mario Jim&eacute;nez S&aacute;enz Vocal 2: Luis Carlos Guevara L&oacute;pez Vocal 3: Mario Fern&aacute;ndez Vega Vocal 4: &hellip; <a href=\"https:\/\/acfe-cr.com\/?page_id=28\">Sigue leyendo <span class=\"meta-nav\">&rarr;<\/span><\/a><\/p>\n","protected":false},"author":1,"featured_media":0,"parent":0,"menu_order":0,"comment_status":"closed","ping_status":"closed","template":"sidebar-page.php","meta":{"footnotes":""},"class_list":["post-28","page","type-page","status-publish","hentry"],"yoast_head":"<!-- This site is optimized with the Yoast SEO plugin v27.0 - https:\/\/yoast.com\/product\/yoast-seo-wordpress\/ -->\n<title>Junta Directiva - ACFE Cap\u00edtulo Costa Rica<\/title>\n<meta name=\"robots\" content=\"index, follow, max-snippet:-1, max-image-preview:large, max-video-preview:-1\" \/>\n<link rel=\"canonical\" href=\"https:\/\/acfe-cr.com\/?page_id=28\" \/>\n<meta property=\"og:locale\" content=\"es_ES\" \/>\n<meta property=\"og:type\" content=\"article\" \/>\n<meta property=\"og:title\" content=\"Junta Directiva - ACFE Cap\u00edtulo Costa Rica\" \/>\n<meta property=\"og:description\" content=\"Junta Directiva: Presidente: Manuel Mar&iacute;n Cubero Vicepresidente: David Bola&ntilde;os Salas Secretaria: Maribel Lizano Barahona Tesorero: Gustavo Flores Oviedo Fiscal: Alfonso Crespo Molina Vocal 1: Mario Jim&eacute;nez S&aacute;enz Vocal 2: Luis Carlos Guevara L&oacute;pez Vocal 3: Mario Fern&aacute;ndez Vega Vocal 4: &hellip; Sigue leyendo &rarr;\" \/>\n<meta property=\"og:url\" content=\"https:\/\/acfe-cr.com\/?page_id=28\" \/>\n<meta property=\"og:site_name\" content=\"ACFE Cap\u00edtulo Costa Rica\" \/>\n<meta property=\"article:modified_time\" content=\"2023-05-11T03:00:35+00:00\" \/>\n<meta name=\"twitter:card\" content=\"summary_large_image\" \/>\n<script type=\"application\/ld+json\" class=\"yoast-schema-graph\">{\"@context\":\"https:\/\/schema.org\",\"@graph\":[{\"@type\":\"WebPage\",\"@id\":\"https:\/\/acfe-cr.com\/?page_id=28\",\"url\":\"https:\/\/acfe-cr.com\/?page_id=28\",\"name\":\"Junta Directiva - ACFE Cap\u00edtulo Costa Rica\",\"isPartOf\":{\"@id\":\"https:\/\/acfe-cr.com\/#website\"},\"datePublished\":\"2020-11-26T00:12:02+00:00\",\"dateModified\":\"2023-05-11T03:00:35+00:00\",\"breadcrumb\":{\"@id\":\"https:\/\/acfe-cr.com\/?page_id=28#breadcrumb\"},\"inLanguage\":\"es\",\"potentialAction\":[{\"@type\":\"ReadAction\",\"target\":[\"https:\/\/acfe-cr.com\/?page_id=28\"]}]},{\"@type\":\"BreadcrumbList\",\"@id\":\"https:\/\/acfe-cr.com\/?page_id=28#breadcrumb\",\"itemListElement\":[{\"@type\":\"ListItem\",\"position\":1,\"name\":\"Portada\",\"item\":\"https:\/\/acfe-cr.com\/\"},{\"@type\":\"ListItem\",\"position\":2,\"name\":\"Junta Directiva\"}]},{\"@type\":\"WebSite\",\"@id\":\"https:\/\/acfe-cr.com\/#website\",\"url\":\"https:\/\/acfe-cr.com\/\",\"name\":\"ACFE Cap\u00edtulo Costa Rica\",\"description\":\"ACFE es la organizaci\u00f3n anti-fraude m\u00e1s grande del mundo\",\"publisher\":{\"@id\":\"https:\/\/acfe-cr.com\/#organization\"},\"potentialAction\":[{\"@type\":\"SearchAction\",\"target\":{\"@type\":\"EntryPoint\",\"urlTemplate\":\"https:\/\/acfe-cr.com\/?s={search_term_string}\"},\"query-input\":{\"@type\":\"PropertyValueSpecification\",\"valueRequired\":true,\"valueName\":\"search_term_string\"}}],\"inLanguage\":\"es\"},{\"@type\":\"Organization\",\"@id\":\"https:\/\/acfe-cr.com\/#organization\",\"name\":\"ACFE Cap\u00edtulo Costa Rica\",\"url\":\"https:\/\/acfe-cr.com\/\",\"logo\":{\"@type\":\"ImageObject\",\"inLanguage\":\"es\",\"@id\":\"https:\/\/acfe-cr.com\/#\/schema\/logo\/image\/\",\"url\":\"https:\/\/acfe-cr.com\/wp-content\/uploads\/2021\/02\/logo.jpg\",\"contentUrl\":\"https:\/\/acfe-cr.com\/wp-content\/uploads\/2021\/02\/logo.jpg\",\"width\":900,\"height\":486,\"caption\":\"ACFE Cap\u00edtulo Costa Rica\"},\"image\":{\"@id\":\"https:\/\/acfe-cr.com\/#\/schema\/logo\/image\/\"},\"sameAs\":[\"https:\/\/www.linkedin.com\/company\/acfe-captulo-costa-rica\/\"]}]}<\/script>\n<!-- \/ Yoast SEO plugin. -->","yoast_head_json":{"title":"Junta Directiva - ACFE Cap\u00edtulo Costa Rica","robots":{"index":"index","follow":"follow","max-snippet":"max-snippet:-1","max-image-preview":"max-image-preview:large","max-video-preview":"max-video-preview:-1"},"canonical":"https:\/\/acfe-cr.com\/?page_id=28","og_locale":"es_ES","og_type":"article","og_title":"Junta Directiva - ACFE Cap\u00edtulo Costa Rica","og_description":"Junta Directiva: Presidente: Manuel Mar&iacute;n Cubero Vicepresidente: David Bola&ntilde;os Salas Secretaria: Maribel Lizano Barahona Tesorero: Gustavo Flores Oviedo Fiscal: Alfonso Crespo Molina Vocal 1: Mario Jim&eacute;nez S&aacute;enz Vocal 2: Luis Carlos Guevara L&oacute;pez Vocal 3: Mario Fern&aacute;ndez Vega Vocal 4: &hellip; Sigue leyendo &rarr;","og_url":"https:\/\/acfe-cr.com\/?page_id=28","og_site_name":"ACFE Cap\u00edtulo Costa Rica","article_modified_time":"2023-05-11T03:00:35+00:00","twitter_card":"summary_large_image","schema":{"@context":"https:\/\/schema.org","@graph":[{"@type":"WebPage","@id":"https:\/\/acfe-cr.com\/?page_id=28","url":"https:\/\/acfe-cr.com\/?page_id=28","name":"Junta Directiva - ACFE Cap\u00edtulo Costa Rica","isPartOf":{"@id":"https:\/\/acfe-cr.com\/#website"},"datePublished":"2020-11-26T00:12:02+00:00","dateModified":"2023-05-11T03:00:35+00:00","breadcrumb":{"@id":"https:\/\/acfe-cr.com\/?page_id=28#breadcrumb"},"inLanguage":"es","potentialAction":[{"@type":"ReadAction","target":["https:\/\/acfe-cr.com\/?page_id=28"]}]},{"@type":"BreadcrumbList","@id":"https:\/\/acfe-cr.com\/?page_id=28#breadcrumb","itemListElement":[{"@type":"ListItem","position":1,"name":"Portada","item":"https:\/\/acfe-cr.com\/"},{"@type":"ListItem","position":2,"name":"Junta Directiva"}]},{"@type":"WebSite","@id":"https:\/\/acfe-cr.com\/#website","url":"https:\/\/acfe-cr.com\/","name":"ACFE Cap\u00edtulo Costa Rica","description":"ACFE es la organizaci\u00f3n anti-fraude m\u00e1s grande del mundo","publisher":{"@id":"https:\/\/acfe-cr.com\/#organization"},"potentialAction":[{"@type":"SearchAction","target":{"@type":"EntryPoint","urlTemplate":"https:\/\/acfe-cr.com\/?s={search_term_string}"},"query-input":{"@type":"PropertyValueSpecification","valueRequired":true,"valueName":"search_term_string"}}],"inLanguage":"es"},{"@type":"Organization","@id":"https:\/\/acfe-cr.com\/#organization","name":"ACFE Cap\u00edtulo Costa Rica","url":"https:\/\/acfe-cr.com\/","logo":{"@type":"ImageObject","inLanguage":"es","@id":"https:\/\/acfe-cr.com\/#\/schema\/logo\/image\/","url":"https:\/\/acfe-cr.com\/wp-content\/uploads\/2021\/02\/logo.jpg","contentUrl":"https:\/\/acfe-cr.com\/wp-content\/uploads\/2021\/02\/logo.jpg","width":900,"height":486,"caption":"ACFE Cap\u00edtulo Costa Rica"},"image":{"@id":"https:\/\/acfe-cr.com\/#\/schema\/logo\/image\/"},"sameAs":["https:\/\/www.linkedin.com\/company\/acfe-captulo-costa-rica\/"]}]}},"_links":{"self":[{"href":"https:\/\/acfe-cr.com\/index.php?rest_route=\/wp\/v2\/pages\/28","targetHints":{"allow":["GET"]}}],"collection":[{"href":"https:\/\/acfe-cr.com\/index.php?rest_route=\/wp\/v2\/pages"}],"about":[{"href":"https:\/\/acfe-cr.com\/index.php?rest_route=\/wp\/v2\/types\/page"}],"author":[{"embeddable":true,"href":"https:\/\/acfe-cr.com\/index.php?rest_route=\/wp\/v2\/users\/1"}],"replies":[{"embeddable":true,"href":"https:\/\/acfe-cr.com\/index.php?rest_route=%2Fwp%2Fv2%2Fcomments&post=28"}],"version-history":[{"count":4,"href":"https:\/\/acfe-cr.com\/index.php?rest_route=\/wp\/v2\/pages\/28\/revisions"}],"predecessor-version":[{"id":1304,"href":"https:\/\/acfe-cr.com\/index.php?rest_route=\/wp\/v2\/pages\/28\/revisions\/1304"}],"wp:attachment":[{"href":"https:\/\/acfe-cr.com\/index.php?rest_route=%2Fwp%2Fv2%2Fmedia&parent=28"}],"curies":[{"name":"wp","href":"https:\/\/api.w.org\/{rel}","templated":true}]}}