{"id":146,"date":"2021-01-18T22:05:50","date_gmt":"2021-01-19T04:05:50","guid":{"rendered":"http:\/\/acfe-cr.com\/?page_id=146"},"modified":"2022-11-25T12:08:20","modified_gmt":"2022-11-25T18:08:20","slug":"miembros-fundadores","status":"publish","type":"page","link":"https:\/\/acfe-cr.com\/?page_id=146","title":{"rendered":"Miembros Fundadores"},"content":{"rendered":"\n<p><\/p>\n<table style=\"width: 278px; height: 600px;\" cellspacing=\"0\" border=\"0\"><colgroup width=\"85\" span=\"2\"><\/colgroup>\n<tbody>\n<tr style=\"height: 20px;\">\n<td style=\"width: 124.667px; height: 20px;\" height=\"17\" align=\"left\"><strong>Nombre<\/strong><\/td>\n<td style=\"width: 152.667px; height: 20px;\" align=\"left\"><strong>Apellido(s)<\/strong><\/td>\n<\/tr>\n<tr style=\"height: 20px;\">\n<td style=\"width: 124.667px; height: 20px;\" height=\"17\" align=\"left\">Alfonso<\/td>\n<td style=\"width: 152.667px; height: 20px;\" align=\"left\">Crespo Molina<\/td>\n<\/tr>\n<tr style=\"height: 20px;\">\n<td style=\"width: 124.667px; height: 20px;\" height=\"17\" align=\"left\">Alicia<\/td>\n<td style=\"width: 152.667px; height: 20px;\" align=\"left\">Fonseca Bola&ntilde;os<\/td>\n<\/tr>\n<tr style=\"height: 20px;\">\n<td style=\"width: 124.667px; height: 20px;\" height=\"17\" align=\"left\">Anna<\/td>\n<td style=\"width: 152.667px; height: 20px;\" align=\"left\">Szpala<\/td>\n<\/tr>\n<tr style=\"height: 20px;\">\n<td style=\"width: 124.667px; height: 20px;\" height=\"17\" align=\"left\">Arturo<\/td>\n<td style=\"width: 152.667px; height: 20px;\" align=\"left\">Ramirez Hegg<\/td>\n<\/tr>\n<tr style=\"height: 20px;\">\n<td style=\"width: 124.667px; height: 20px;\" height=\"17\" align=\"left\">Carlos<\/td>\n<td style=\"width: 152.667px; height: 20px;\" align=\"left\">Dur&oacute;n Jara<\/td>\n<\/tr>\n<tr style=\"height: 20px;\">\n<td style=\"width: 124.667px; height: 20px;\" height=\"17\" align=\"left\">Cintia<\/td>\n<td style=\"width: 152.667px; height: 20px;\" align=\"left\">Felipe da Silva<\/td>\n<\/tr>\n<tr style=\"height: 20px;\">\n<td style=\"width: 124.667px; height: 20px;\" height=\"17\" align=\"left\">Daniel<\/td>\n<td style=\"width: 152.667px; height: 20px;\" align=\"left\">Chaves Gonz&aacute;lez<\/td>\n<\/tr>\n<tr style=\"height: 20px;\">\n<td style=\"width: 124.667px; height: 20px;\" height=\"17\" align=\"left\">David<\/td>\n<td style=\"width: 152.667px; height: 20px;\" align=\"left\">Bola&ntilde;os Salas<\/td>\n<\/tr>\n<tr style=\"height: 20px;\">\n<td style=\"width: 124.667px; height: 20px;\" height=\"17\" align=\"left\">Deiver J.<\/td>\n<td style=\"width: 152.667px; height: 20px;\" align=\"left\">Alvarado<\/td>\n<\/tr>\n<tr style=\"height: 20px;\">\n<td style=\"width: 124.667px; height: 20px;\" height=\"17\" align=\"left\">Elena<\/td>\n<td style=\"width: 152.667px; height: 20px;\" align=\"left\">Lakovlenkova<\/td>\n<\/tr>\n<tr style=\"height: 20px;\">\n<td style=\"width: 124.667px; height: 20px;\" height=\"17\" align=\"left\">Estefanie<\/td>\n<td style=\"width: 152.667px; height: 20px;\" align=\"left\">Barrantes Sancho<\/td>\n<\/tr>\n<tr style=\"height: 20px;\">\n<td style=\"width: 124.667px; height: 20px;\" height=\"17\" align=\"left\">Francois<\/td>\n<td style=\"width: 152.667px; height: 20px;\" align=\"left\">Espinoza<\/td>\n<\/tr>\n<tr style=\"height: 20px;\">\n<td style=\"width: 124.667px; height: 20px;\" height=\"17\" align=\"left\">Heylin<\/td>\n<td style=\"width: 152.667px; height: 20px;\" align=\"left\">G&oacute;mez Rodr&iacute;guez<\/td>\n<\/tr>\n<tr style=\"height: 20px;\">\n<td style=\"width: 124.667px; height: 20px;\" height=\"17\" align=\"left\">Jose Javier<\/td>\n<td style=\"width: 152.667px; height: 20px;\" align=\"left\">Chac&oacute;n Gonzalez<\/td>\n<\/tr>\n<tr style=\"height: 20px;\">\n<td style=\"width: 124.667px; height: 20px;\" height=\"17\" align=\"left\">Kattia<\/td>\n<td style=\"width: 152.667px; height: 20px;\" align=\"left\">Fernandez Quesada<\/td>\n<\/tr>\n<tr style=\"height: 20px;\">\n<td style=\"width: 124.667px; height: 20px;\" height=\"17\" align=\"left\">Leidy<\/td>\n<td style=\"width: 152.667px; height: 20px;\" align=\"left\">Garz&oacute;n R.,<\/td>\n<\/tr>\n<tr style=\"height: 20px;\">\n<td style=\"width: 124.667px; height: 20px;\" height=\"17\" align=\"left\">Luis Carlos<\/td>\n<td style=\"width: 152.667px; height: 20px;\" align=\"left\">Guevara L&oacute;pez<\/td>\n<\/tr>\n<tr style=\"height: 20px;\">\n<td style=\"width: 124.667px; height: 20px;\" height=\"17\" align=\"left\">Luis Fernando<\/td>\n<td style=\"width: 152.667px; height: 20px;\" align=\"left\">Ledezma O.<\/td>\n<\/tr>\n<tr style=\"height: 20px;\">\n<td style=\"width: 124.667px; height: 20px;\" height=\"17\" align=\"left\">Manuel<\/td>\n<td style=\"width: 152.667px; height: 20px;\" align=\"left\">Mar&iacute;n Cubero<\/td>\n<\/tr>\n<tr style=\"height: 20px;\">\n<td style=\"width: 124.667px; height: 20px;\" height=\"17\" align=\"left\">Marco Antonio<\/td>\n<td style=\"width: 152.667px; height: 20px;\" align=\"left\">Vega Gonz&aacute;lez<\/td>\n<\/tr>\n<tr style=\"height: 20px;\">\n<td style=\"width: 124.667px; height: 20px;\" height=\"17\" align=\"left\">Mar&iacute;a<\/td>\n<td style=\"width: 152.667px; height: 20px;\" align=\"left\">Hidalgo Vasquez<\/td>\n<\/tr>\n<tr style=\"height: 20px;\">\n<td style=\"width: 124.667px; height: 20px;\" height=\"17\" align=\"left\">Maribel<\/td>\n<td style=\"width: 152.667px; height: 20px;\" align=\"left\">Lizano Barahona<\/td>\n<\/tr>\n<tr style=\"height: 20px;\">\n<td style=\"width: 124.667px; height: 20px;\" height=\"17\" align=\"left\">Mario<\/td>\n<td style=\"width: 152.667px; height: 20px;\" align=\"left\">Fernandez Vega<\/td>\n<\/tr>\n<tr style=\"height: 20px;\">\n<td style=\"width: 124.667px; height: 20px;\" height=\"17\" align=\"left\">Mario<\/td>\n<td style=\"width: 152.667px; height: 20px;\" align=\"left\">Jim&eacute;nez S&aacute;enz<\/td>\n<\/tr>\n<tr style=\"height: 20px;\">\n<td style=\"width: 124.667px; height: 20px;\" height=\"17\" align=\"left\">Mercedes<\/td>\n<td style=\"width: 152.667px; height: 20px;\" align=\"left\">Campos Alpizar<\/td>\n<\/tr>\n<tr style=\"height: 20px;\">\n<td style=\"width: 124.667px; height: 20px;\" height=\"17\" align=\"left\">Oscar<\/td>\n<td style=\"width: 152.667px; height: 20px;\" align=\"left\">Oses Campos<\/td>\n<\/tr>\n<tr style=\"height: 20px;\">\n<td style=\"width: 124.667px; height: 20px;\" height=\"17\" align=\"left\">Pamela<\/td>\n<td style=\"width: 152.667px; height: 20px;\" align=\"left\">Mora Solano<\/td>\n<\/tr>\n<tr style=\"height: 20px;\">\n<td style=\"width: 124.667px; height: 20px;\" height=\"17\" align=\"left\">Sebast&iacute;an<\/td>\n<td style=\"width: 152.667px; height: 20px;\" align=\"left\">Rodr&iacute;gez Palma<\/td>\n<\/tr>\n<tr style=\"height: 20px;\">\n<td style=\"width: 124.667px; height: 20px;\" height=\"17\" align=\"left\">Vanessa<\/td>\n<td style=\"width: 152.667px; height: 20px;\" align=\"left\">Mun&oacute;z Sanchez<\/td>\n<\/tr>\n<\/tbody>\n<\/table>\n","protected":false},"excerpt":{"rendered":"<p>Nombre Apellido(s) Alfonso Crespo Molina Alicia Fonseca Bola&ntilde;os Anna Szpala Arturo Ramirez Hegg Carlos Dur&oacute;n Jara Cintia Felipe da Silva Daniel Chaves Gonz&aacute;lez David Bola&ntilde;os Salas Deiver J. Alvarado Elena Lakovlenkova Estefanie Barrantes Sancho Francois Espinoza Heylin G&oacute;mez Rodr&iacute;guez Jose &hellip; <a href=\"https:\/\/acfe-cr.com\/?page_id=146\">Sigue leyendo <span class=\"meta-nav\">&rarr;<\/span><\/a><\/p>\n","protected":false},"author":1,"featured_media":0,"parent":0,"menu_order":0,"comment_status":"closed","ping_status":"closed","template":"sidebar-page.php","meta":{"footnotes":""},"class_list":["post-146","page","type-page","status-publish","hentry"],"yoast_head":"<!-- This site is optimized with the Yoast SEO plugin v27.0 - https:\/\/yoast.com\/product\/yoast-seo-wordpress\/ -->\n<title>Miembros Fundadores - ACFE Cap\u00edtulo Costa Rica<\/title>\n<meta name=\"robots\" content=\"index, follow, max-snippet:-1, max-image-preview:large, max-video-preview:-1\" \/>\n<link rel=\"canonical\" href=\"https:\/\/acfe-cr.com\/?page_id=146\" \/>\n<meta property=\"og:locale\" content=\"es_ES\" \/>\n<meta property=\"og:type\" content=\"article\" \/>\n<meta property=\"og:title\" content=\"Miembros Fundadores - ACFE Cap\u00edtulo Costa Rica\" \/>\n<meta property=\"og:description\" content=\"Nombre Apellido(s) Alfonso Crespo Molina Alicia Fonseca Bola&ntilde;os Anna Szpala Arturo Ramirez Hegg Carlos Dur&oacute;n Jara Cintia Felipe da Silva Daniel Chaves Gonz&aacute;lez David Bola&ntilde;os Salas Deiver J. Alvarado Elena Lakovlenkova Estefanie Barrantes Sancho Francois Espinoza Heylin G&oacute;mez Rodr&iacute;guez Jose &hellip; Sigue leyendo &rarr;\" \/>\n<meta property=\"og:url\" content=\"https:\/\/acfe-cr.com\/?page_id=146\" \/>\n<meta property=\"og:site_name\" content=\"ACFE Cap\u00edtulo Costa Rica\" \/>\n<meta property=\"article:modified_time\" content=\"2022-11-25T18:08:20+00:00\" \/>\n<meta name=\"twitter:card\" content=\"summary_large_image\" \/>\n<meta name=\"twitter:label1\" content=\"Tiempo de lectura\" \/>\n\t<meta name=\"twitter:data1\" content=\"1 minuto\" \/>\n<script type=\"application\/ld+json\" class=\"yoast-schema-graph\">{\"@context\":\"https:\/\/schema.org\",\"@graph\":[{\"@type\":\"WebPage\",\"@id\":\"https:\/\/acfe-cr.com\/?page_id=146\",\"url\":\"https:\/\/acfe-cr.com\/?page_id=146\",\"name\":\"Miembros Fundadores - ACFE Cap\u00edtulo Costa Rica\",\"isPartOf\":{\"@id\":\"https:\/\/acfe-cr.com\/#website\"},\"datePublished\":\"2021-01-19T04:05:50+00:00\",\"dateModified\":\"2022-11-25T18:08:20+00:00\",\"breadcrumb\":{\"@id\":\"https:\/\/acfe-cr.com\/?page_id=146#breadcrumb\"},\"inLanguage\":\"es\",\"potentialAction\":[{\"@type\":\"ReadAction\",\"target\":[\"https:\/\/acfe-cr.com\/?page_id=146\"]}]},{\"@type\":\"BreadcrumbList\",\"@id\":\"https:\/\/acfe-cr.com\/?page_id=146#breadcrumb\",\"itemListElement\":[{\"@type\":\"ListItem\",\"position\":1,\"name\":\"Portada\",\"item\":\"https:\/\/acfe-cr.com\/\"},{\"@type\":\"ListItem\",\"position\":2,\"name\":\"Miembros Fundadores\"}]},{\"@type\":\"WebSite\",\"@id\":\"https:\/\/acfe-cr.com\/#website\",\"url\":\"https:\/\/acfe-cr.com\/\",\"name\":\"ACFE Cap\u00edtulo Costa Rica\",\"description\":\"ACFE es la organizaci\u00f3n anti-fraude m\u00e1s grande del mundo\",\"publisher\":{\"@id\":\"https:\/\/acfe-cr.com\/#organization\"},\"potentialAction\":[{\"@type\":\"SearchAction\",\"target\":{\"@type\":\"EntryPoint\",\"urlTemplate\":\"https:\/\/acfe-cr.com\/?s={search_term_string}\"},\"query-input\":{\"@type\":\"PropertyValueSpecification\",\"valueRequired\":true,\"valueName\":\"search_term_string\"}}],\"inLanguage\":\"es\"},{\"@type\":\"Organization\",\"@id\":\"https:\/\/acfe-cr.com\/#organization\",\"name\":\"ACFE Cap\u00edtulo Costa Rica\",\"url\":\"https:\/\/acfe-cr.com\/\",\"logo\":{\"@type\":\"ImageObject\",\"inLanguage\":\"es\",\"@id\":\"https:\/\/acfe-cr.com\/#\/schema\/logo\/image\/\",\"url\":\"https:\/\/acfe-cr.com\/wp-content\/uploads\/2021\/02\/logo.jpg\",\"contentUrl\":\"https:\/\/acfe-cr.com\/wp-content\/uploads\/2021\/02\/logo.jpg\",\"width\":900,\"height\":486,\"caption\":\"ACFE Cap\u00edtulo Costa Rica\"},\"image\":{\"@id\":\"https:\/\/acfe-cr.com\/#\/schema\/logo\/image\/\"},\"sameAs\":[\"https:\/\/www.linkedin.com\/company\/acfe-captulo-costa-rica\/\"]}]}<\/script>\n<!-- \/ Yoast SEO plugin. -->","yoast_head_json":{"title":"Miembros Fundadores - ACFE Cap\u00edtulo Costa Rica","robots":{"index":"index","follow":"follow","max-snippet":"max-snippet:-1","max-image-preview":"max-image-preview:large","max-video-preview":"max-video-preview:-1"},"canonical":"https:\/\/acfe-cr.com\/?page_id=146","og_locale":"es_ES","og_type":"article","og_title":"Miembros Fundadores - ACFE Cap\u00edtulo Costa Rica","og_description":"Nombre Apellido(s) Alfonso Crespo Molina Alicia Fonseca Bola&ntilde;os Anna Szpala Arturo Ramirez Hegg Carlos Dur&oacute;n Jara Cintia Felipe da Silva Daniel Chaves Gonz&aacute;lez David Bola&ntilde;os Salas Deiver J. Alvarado Elena Lakovlenkova Estefanie Barrantes Sancho Francois Espinoza Heylin G&oacute;mez Rodr&iacute;guez Jose &hellip; Sigue leyendo &rarr;","og_url":"https:\/\/acfe-cr.com\/?page_id=146","og_site_name":"ACFE Cap\u00edtulo Costa Rica","article_modified_time":"2022-11-25T18:08:20+00:00","twitter_card":"summary_large_image","twitter_misc":{"Tiempo de lectura":"1 minuto"},"schema":{"@context":"https:\/\/schema.org","@graph":[{"@type":"WebPage","@id":"https:\/\/acfe-cr.com\/?page_id=146","url":"https:\/\/acfe-cr.com\/?page_id=146","name":"Miembros Fundadores - ACFE Cap\u00edtulo Costa Rica","isPartOf":{"@id":"https:\/\/acfe-cr.com\/#website"},"datePublished":"2021-01-19T04:05:50+00:00","dateModified":"2022-11-25T18:08:20+00:00","breadcrumb":{"@id":"https:\/\/acfe-cr.com\/?page_id=146#breadcrumb"},"inLanguage":"es","potentialAction":[{"@type":"ReadAction","target":["https:\/\/acfe-cr.com\/?page_id=146"]}]},{"@type":"BreadcrumbList","@id":"https:\/\/acfe-cr.com\/?page_id=146#breadcrumb","itemListElement":[{"@type":"ListItem","position":1,"name":"Portada","item":"https:\/\/acfe-cr.com\/"},{"@type":"ListItem","position":2,"name":"Miembros Fundadores"}]},{"@type":"WebSite","@id":"https:\/\/acfe-cr.com\/#website","url":"https:\/\/acfe-cr.com\/","name":"ACFE Cap\u00edtulo Costa Rica","description":"ACFE es la organizaci\u00f3n anti-fraude m\u00e1s grande del mundo","publisher":{"@id":"https:\/\/acfe-cr.com\/#organization"},"potentialAction":[{"@type":"SearchAction","target":{"@type":"EntryPoint","urlTemplate":"https:\/\/acfe-cr.com\/?s={search_term_string}"},"query-input":{"@type":"PropertyValueSpecification","valueRequired":true,"valueName":"search_term_string"}}],"inLanguage":"es"},{"@type":"Organization","@id":"https:\/\/acfe-cr.com\/#organization","name":"ACFE Cap\u00edtulo Costa Rica","url":"https:\/\/acfe-cr.com\/","logo":{"@type":"ImageObject","inLanguage":"es","@id":"https:\/\/acfe-cr.com\/#\/schema\/logo\/image\/","url":"https:\/\/acfe-cr.com\/wp-content\/uploads\/2021\/02\/logo.jpg","contentUrl":"https:\/\/acfe-cr.com\/wp-content\/uploads\/2021\/02\/logo.jpg","width":900,"height":486,"caption":"ACFE Cap\u00edtulo Costa Rica"},"image":{"@id":"https:\/\/acfe-cr.com\/#\/schema\/logo\/image\/"},"sameAs":["https:\/\/www.linkedin.com\/company\/acfe-captulo-costa-rica\/"]}]}},"_links":{"self":[{"href":"https:\/\/acfe-cr.com\/index.php?rest_route=\/wp\/v2\/pages\/146","targetHints":{"allow":["GET"]}}],"collection":[{"href":"https:\/\/acfe-cr.com\/index.php?rest_route=\/wp\/v2\/pages"}],"about":[{"href":"https:\/\/acfe-cr.com\/index.php?rest_route=\/wp\/v2\/types\/page"}],"author":[{"embeddable":true,"href":"https:\/\/acfe-cr.com\/index.php?rest_route=\/wp\/v2\/users\/1"}],"replies":[{"embeddable":true,"href":"https:\/\/acfe-cr.com\/index.php?rest_route=%2Fwp%2Fv2%2Fcomments&post=146"}],"version-history":[{"count":3,"href":"https:\/\/acfe-cr.com\/index.php?rest_route=\/wp\/v2\/pages\/146\/revisions"}],"predecessor-version":[{"id":1285,"href":"https:\/\/acfe-cr.com\/index.php?rest_route=\/wp\/v2\/pages\/146\/revisions\/1285"}],"wp:attachment":[{"href":"https:\/\/acfe-cr.com\/index.php?rest_route=%2Fwp%2Fv2%2Fmedia&parent=146"}],"curies":[{"name":"wp","href":"https:\/\/api.w.org\/{rel}","templated":true}]}}