{"id":12,"date":"2020-11-24T22:29:10","date_gmt":"2020-11-24T22:29:10","guid":{"rendered":"http:\/\/acfe-cr.com\/?page_id=12"},"modified":"2024-10-30T22:26:27","modified_gmt":"2024-10-31T04:26:27","slug":"acerca-de","status":"publish","type":"page","link":"https:\/\/acfe-cr.com\/?page_id=12","title":{"rendered":"Con\u00f3zcanos"},"content":{"rendered":"\n<p>ACFE Costa Rica es cap&iacute;tulo local de ACFE, el primero de la regi&oacute;n centroamericana representando a Costa Rica. En octubre de 2019 un grupo con cerca de veinte Examinadores Certificados en Fraude en Costa Rica, tomaron la iniciativa de reunirse con el objetivo de discutir la idea de la creaci&oacute;n de un cap&iacute;tulo de ACFE local, un a&ntilde;o despu&eacute;s, con retos por delante como la necesidad de reclutar m&aacute;s profesionales para conformar el cap&iacute;tulo, recaudaci&oacute;n de fondos y en medio de la pandemia de COVID 19, ACFE Cap&iacute;tulo Costa Rica es una realidad y tiene como objetivo principal seguir los lineamientos de ACFE Global.<\/p>\n<p>Los Objetivos principales de ACFE Costa Rica son:<\/p>\n<ul>\n<li>Proporcionar educaci&oacute;n continua a profesionales en prevenci&oacute;n e investigaci&oacute;n de Fraude y Corrupci&oacute;n, investigaciones internas, &eacute;tica y cumplimiento, as&iacute; como toda materia af&iacute;n.<\/li>\n<li>Suministrar soporte a organizaciones locales en la detecci&oacute;n, investigaci&oacute;n y prevenci&oacute;n del fraude, mediante la capacitaci&oacute;n de sus profesionales.<\/li>\n<li>Fomentar el impulso de las actividades educativas concernientes a estas &aacute;reas, en colegios, universidades, institutos t&eacute;cnicos, etc. Con el fin de crear inter&eacute;s en poblaci&oacute;n joven y desarrollar profesionales en esta rama.<\/li>\n<\/ul>\n<p>A Diciembre 2020, ACFE Costa Rica cuenta con 30 miembros fundadores y persigue el reclutamiento continuo de profesionales en esta industria quienes no solo est&eacute;n interesados en participar de nuestros eventos sino tambi&eacute;n de aportar seg&uacute;n su experiencia en las &aacute;reas de inter&eacute;s.<\/p>\n","protected":false},"excerpt":{"rendered":"<p>ACFE Costa Rica es cap&iacute;tulo local de ACFE, el primero de la regi&oacute;n centroamericana representando a Costa Rica. En octubre de 2019 un grupo con cerca de veinte Examinadores Certificados en Fraude en Costa Rica, tomaron la iniciativa de reunirse &hellip; <a href=\"https:\/\/acfe-cr.com\/?page_id=12\">Sigue leyendo <span class=\"meta-nav\">&rarr;<\/span><\/a><\/p>\n","protected":false},"author":1,"featured_media":0,"parent":0,"menu_order":0,"comment_status":"closed","ping_status":"closed","template":"sidebar-page.php","meta":{"footnotes":""},"class_list":["post-12","page","type-page","status-publish","hentry"],"yoast_head":"<!-- This site is optimized with the Yoast SEO plugin v27.0 - https:\/\/yoast.com\/product\/yoast-seo-wordpress\/ -->\n<title>Con\u00f3zcanos - ACFE Cap\u00edtulo Costa Rica<\/title>\n<meta name=\"description\" content=\"El primer cap\u00edtulo de ACFE en Centroam\u00e9rica | Pilar en la educaci\u00f3n continua a profesionales en prevenci\u00f3n e investigaci\u00f3n de Fraude y Corrupci\u00f3n\" \/>\n<meta name=\"robots\" content=\"index, follow, max-snippet:-1, max-image-preview:large, max-video-preview:-1\" \/>\n<link rel=\"canonical\" href=\"https:\/\/acfe-cr.com\/?page_id=12\" \/>\n<meta property=\"og:locale\" content=\"es_ES\" \/>\n<meta property=\"og:type\" content=\"article\" \/>\n<meta property=\"og:title\" content=\"Con\u00f3zcanos - ACFE Cap\u00edtulo Costa Rica\" \/>\n<meta property=\"og:description\" content=\"El primer cap\u00edtulo de ACFE en Centroam\u00e9rica | Pilar en la educaci\u00f3n continua a profesionales en prevenci\u00f3n e investigaci\u00f3n de Fraude y Corrupci\u00f3n\" \/>\n<meta property=\"og:url\" content=\"https:\/\/acfe-cr.com\/?page_id=12\" \/>\n<meta property=\"og:site_name\" content=\"ACFE Cap\u00edtulo Costa Rica\" \/>\n<meta property=\"article:modified_time\" content=\"2024-10-31T04:26:27+00:00\" \/>\n<meta name=\"twitter:card\" content=\"summary_large_image\" \/>\n<meta name=\"twitter:label1\" content=\"Tiempo de lectura\" \/>\n\t<meta name=\"twitter:data1\" content=\"2 minutos\" \/>\n<script type=\"application\/ld+json\" class=\"yoast-schema-graph\">{\"@context\":\"https:\/\/schema.org\",\"@graph\":[{\"@type\":\"WebPage\",\"@id\":\"https:\/\/acfe-cr.com\/?page_id=12\",\"url\":\"https:\/\/acfe-cr.com\/?page_id=12\",\"name\":\"Con\u00f3zcanos - ACFE Cap\u00edtulo Costa Rica\",\"isPartOf\":{\"@id\":\"https:\/\/acfe-cr.com\/#website\"},\"datePublished\":\"2020-11-24T22:29:10+00:00\",\"dateModified\":\"2024-10-31T04:26:27+00:00\",\"description\":\"El primer cap\u00edtulo de ACFE en Centroam\u00e9rica | Pilar en la educaci\u00f3n continua a profesionales en prevenci\u00f3n e investigaci\u00f3n de Fraude y Corrupci\u00f3n\",\"breadcrumb\":{\"@id\":\"https:\/\/acfe-cr.com\/?page_id=12#breadcrumb\"},\"inLanguage\":\"es\",\"potentialAction\":[{\"@type\":\"ReadAction\",\"target\":[\"https:\/\/acfe-cr.com\/?page_id=12\"]}]},{\"@type\":\"BreadcrumbList\",\"@id\":\"https:\/\/acfe-cr.com\/?page_id=12#breadcrumb\",\"itemListElement\":[{\"@type\":\"ListItem\",\"position\":1,\"name\":\"Portada\",\"item\":\"https:\/\/acfe-cr.com\/\"},{\"@type\":\"ListItem\",\"position\":2,\"name\":\"Con\u00f3zcanos\"}]},{\"@type\":\"WebSite\",\"@id\":\"https:\/\/acfe-cr.com\/#website\",\"url\":\"https:\/\/acfe-cr.com\/\",\"name\":\"ACFE Cap\u00edtulo Costa Rica\",\"description\":\"ACFE es la organizaci\u00f3n anti-fraude m\u00e1s grande del mundo\",\"publisher\":{\"@id\":\"https:\/\/acfe-cr.com\/#organization\"},\"potentialAction\":[{\"@type\":\"SearchAction\",\"target\":{\"@type\":\"EntryPoint\",\"urlTemplate\":\"https:\/\/acfe-cr.com\/?s={search_term_string}\"},\"query-input\":{\"@type\":\"PropertyValueSpecification\",\"valueRequired\":true,\"valueName\":\"search_term_string\"}}],\"inLanguage\":\"es\"},{\"@type\":\"Organization\",\"@id\":\"https:\/\/acfe-cr.com\/#organization\",\"name\":\"ACFE Cap\u00edtulo Costa Rica\",\"url\":\"https:\/\/acfe-cr.com\/\",\"logo\":{\"@type\":\"ImageObject\",\"inLanguage\":\"es\",\"@id\":\"https:\/\/acfe-cr.com\/#\/schema\/logo\/image\/\",\"url\":\"https:\/\/acfe-cr.com\/wp-content\/uploads\/2021\/02\/logo.jpg\",\"contentUrl\":\"https:\/\/acfe-cr.com\/wp-content\/uploads\/2021\/02\/logo.jpg\",\"width\":900,\"height\":486,\"caption\":\"ACFE Cap\u00edtulo Costa Rica\"},\"image\":{\"@id\":\"https:\/\/acfe-cr.com\/#\/schema\/logo\/image\/\"},\"sameAs\":[\"https:\/\/www.linkedin.com\/company\/acfe-captulo-costa-rica\/\"]}]}<\/script>\n<!-- \/ Yoast SEO plugin. -->","yoast_head_json":{"title":"Con\u00f3zcanos - ACFE Cap\u00edtulo Costa Rica","description":"El primer cap\u00edtulo de ACFE en Centroam\u00e9rica | Pilar en la educaci\u00f3n continua a profesionales en prevenci\u00f3n e investigaci\u00f3n de Fraude y Corrupci\u00f3n","robots":{"index":"index","follow":"follow","max-snippet":"max-snippet:-1","max-image-preview":"max-image-preview:large","max-video-preview":"max-video-preview:-1"},"canonical":"https:\/\/acfe-cr.com\/?page_id=12","og_locale":"es_ES","og_type":"article","og_title":"Con\u00f3zcanos - ACFE Cap\u00edtulo Costa Rica","og_description":"El primer cap\u00edtulo de ACFE en Centroam\u00e9rica | Pilar en la educaci\u00f3n continua a profesionales en prevenci\u00f3n e investigaci\u00f3n de Fraude y Corrupci\u00f3n","og_url":"https:\/\/acfe-cr.com\/?page_id=12","og_site_name":"ACFE Cap\u00edtulo Costa Rica","article_modified_time":"2024-10-31T04:26:27+00:00","twitter_card":"summary_large_image","twitter_misc":{"Tiempo de lectura":"2 minutos"},"schema":{"@context":"https:\/\/schema.org","@graph":[{"@type":"WebPage","@id":"https:\/\/acfe-cr.com\/?page_id=12","url":"https:\/\/acfe-cr.com\/?page_id=12","name":"Con\u00f3zcanos - ACFE Cap\u00edtulo Costa Rica","isPartOf":{"@id":"https:\/\/acfe-cr.com\/#website"},"datePublished":"2020-11-24T22:29:10+00:00","dateModified":"2024-10-31T04:26:27+00:00","description":"El primer cap\u00edtulo de ACFE en Centroam\u00e9rica | Pilar en la educaci\u00f3n continua a profesionales en prevenci\u00f3n e investigaci\u00f3n de Fraude y Corrupci\u00f3n","breadcrumb":{"@id":"https:\/\/acfe-cr.com\/?page_id=12#breadcrumb"},"inLanguage":"es","potentialAction":[{"@type":"ReadAction","target":["https:\/\/acfe-cr.com\/?page_id=12"]}]},{"@type":"BreadcrumbList","@id":"https:\/\/acfe-cr.com\/?page_id=12#breadcrumb","itemListElement":[{"@type":"ListItem","position":1,"name":"Portada","item":"https:\/\/acfe-cr.com\/"},{"@type":"ListItem","position":2,"name":"Con\u00f3zcanos"}]},{"@type":"WebSite","@id":"https:\/\/acfe-cr.com\/#website","url":"https:\/\/acfe-cr.com\/","name":"ACFE Cap\u00edtulo Costa Rica","description":"ACFE es la organizaci\u00f3n anti-fraude m\u00e1s grande del mundo","publisher":{"@id":"https:\/\/acfe-cr.com\/#organization"},"potentialAction":[{"@type":"SearchAction","target":{"@type":"EntryPoint","urlTemplate":"https:\/\/acfe-cr.com\/?s={search_term_string}"},"query-input":{"@type":"PropertyValueSpecification","valueRequired":true,"valueName":"search_term_string"}}],"inLanguage":"es"},{"@type":"Organization","@id":"https:\/\/acfe-cr.com\/#organization","name":"ACFE Cap\u00edtulo Costa Rica","url":"https:\/\/acfe-cr.com\/","logo":{"@type":"ImageObject","inLanguage":"es","@id":"https:\/\/acfe-cr.com\/#\/schema\/logo\/image\/","url":"https:\/\/acfe-cr.com\/wp-content\/uploads\/2021\/02\/logo.jpg","contentUrl":"https:\/\/acfe-cr.com\/wp-content\/uploads\/2021\/02\/logo.jpg","width":900,"height":486,"caption":"ACFE Cap\u00edtulo Costa Rica"},"image":{"@id":"https:\/\/acfe-cr.com\/#\/schema\/logo\/image\/"},"sameAs":["https:\/\/www.linkedin.com\/company\/acfe-captulo-costa-rica\/"]}]}},"_links":{"self":[{"href":"https:\/\/acfe-cr.com\/index.php?rest_route=\/wp\/v2\/pages\/12","targetHints":{"allow":["GET"]}}],"collection":[{"href":"https:\/\/acfe-cr.com\/index.php?rest_route=\/wp\/v2\/pages"}],"about":[{"href":"https:\/\/acfe-cr.com\/index.php?rest_route=\/wp\/v2\/types\/page"}],"author":[{"embeddable":true,"href":"https:\/\/acfe-cr.com\/index.php?rest_route=\/wp\/v2\/users\/1"}],"replies":[{"embeddable":true,"href":"https:\/\/acfe-cr.com\/index.php?rest_route=%2Fwp%2Fv2%2Fcomments&post=12"}],"version-history":[{"count":3,"href":"https:\/\/acfe-cr.com\/index.php?rest_route=\/wp\/v2\/pages\/12\/revisions"}],"predecessor-version":[{"id":1775,"href":"https:\/\/acfe-cr.com\/index.php?rest_route=\/wp\/v2\/pages\/12\/revisions\/1775"}],"wp:attachment":[{"href":"https:\/\/acfe-cr.com\/index.php?rest_route=%2Fwp%2Fv2%2Fmedia&parent=12"}],"curies":[{"name":"wp","href":"https:\/\/api.w.org\/{rel}","templated":true}]}}